{"id":9757,"date":"2024-11-26T13:47:35","date_gmt":"2024-11-26T13:47:35","guid":{"rendered":"https:\/\/filmclub.click\/blog-2\/"},"modified":"2024-11-26T14:26:50","modified_gmt":"2024-11-26T14:26:50","slug":"blog-2","status":"publish","type":"page","link":"https:\/\/filmclub.click\/es\/blog-2\/","title":{"rendered":"Blog"},"content":{"rendered":"\t\t<div data-elementor-type=\"wp-page\" data-elementor-id=\"9757\" class=\"elementor elementor-9757\" data-elementor-post-type=\"page\">\n\t\t\t\t<div class=\"elementor-element elementor-element-7e9d8d67 e-con-full e-flex e-con e-parent\" data-id=\"7e9d8d67\" data-element_type=\"container\" data-settings=\"{&quot;background_background&quot;:&quot;classic&quot;}\">\n\t\t<div class=\"elementor-element elementor-element-59d76a07 e-flex e-con-boxed e-con e-child\" data-id=\"59d76a07\" data-element_type=\"container\">\n\t\t\t\t\t<div class=\"e-con-inner\">\n\t\t<div class=\"elementor-element elementor-element-2852db17 e-flex e-con-boxed e-con e-child\" data-id=\"2852db17\" data-element_type=\"container\">\n\t\t\t\t\t<div class=\"e-con-inner\">\n\t\t\t\t<div class=\"elementor-element elementor-element-73703060 elementor-widget elementor-widget-heading\" data-id=\"73703060\" data-element_type=\"widget\" data-widget_type=\"heading.default\">\n\t\t\t\t<div class=\"elementor-widget-container\">\n\t\t\t\t\t<h1 class=\"elementor-heading-title elementor-size-default\">Blog<\/h1>\t\t\t\t<\/div>\n\t\t\t\t<\/div>\n\t\t<div class=\"elementor-element elementor-element-5aa7d2d4 caja-linea e-flex e-con-boxed e-con e-child\" data-id=\"5aa7d2d4\" data-element_type=\"container\">\n\t\t\t\t\t<div class=\"e-con-inner\">\n\t\t<div class=\"elementor-element elementor-element-6d49359d linea-yellow e-flex e-con-boxed e-con e-child\" data-id=\"6d49359d\" data-element_type=\"container\">\n\t\t\t\t\t<div class=\"e-con-inner\">\n\t\t\t\t\t<\/div>\n\t\t\t\t<\/div>\n\t\t\t\t\t<\/div>\n\t\t\t\t<\/div>\n\t\t\t\t\t<\/div>\n\t\t\t\t<\/div>\n\t\t\t\t\t<\/div>\n\t\t\t\t<\/div>\n\t\t\t\t<\/div>\n\t\t<div class=\"elementor-element elementor-element-7e323f9 e-flex e-con-boxed e-con e-parent\" data-id=\"7e323f9\" data-element_type=\"container\">\n\t\t\t\t\t<div class=\"e-con-inner\">\n\t\t\t\t<div class=\"elementor-element elementor-element-a945d9d elementor-widget elementor-widget-the7_elements\" data-id=\"a945d9d\" data-element_type=\"widget\" id=\"post-boxes\" data-widget_type=\"the7_elements.default\">\n\t\t\t\t<div class=\"elementor-widget-container\">\n\t\t\t\t\t<div class=\"portfolio-shortcode the7-elementor-widget the7_elements-a945d9d mode-masonry classic-layout-list description-under-image quick-scale-img meta-info-off content-bg-on enable-bg-rollover resize-by-browser-width loading-effect-none jquery-filter\" data-padding=\"15px\" data-mobile-columns-num=\"1\" data-tablet-columns-num=\"2\" data-desktop-columns-num=\"3\" data-wide-desktop-columns-num=\"3\" data-post-limit=\"-1\" data-pagination-mode=\"none\" data-scroll-offset=\"\"><div class=\"iso-container dt-isotope custom-iso-columns\"><div class=\"visible wf-cell iso-item\" data-post-id=\"9637\" data-date=\"2024-11-25T14:19:44+00:00\" data-name=\"El cine como herramienta de aprendizaje para las escuelas: inspiraci\u00f3n y aprendizaje en las aulas\"><article class=\"post visible post-9637 type-post status-publish format-standard has-post-thumbnail hentry category-sin-categorizar\" data-name=\"El cine como herramienta de aprendizaje para las escuelas: inspiraci\u00f3n y aprendizaje en las aulas\" data-date=\"2024-11-25T14:19:44+00:00\">\n\n\t<div class=\"post-thumbnail-wrap\">\n\t\t<div class=\"post-thumbnail\">\n\n\t\t\t<a class=\"post-thumbnail-rollover layzr-bg img-css-resize-wrapper\" aria-label=\"Post image\" href=\"https:\/\/filmclub.click\/es\/el-cine-como-herramienta-de-aprendizaje-para-las-escuelas-inspiracion-y-aprendizaje-en-las-aulas\/\"><img fetchpriority=\"high\" decoding=\"async\" width=\"626\" height=\"417\" src=\"data:image\/svg+xml,%3Csvg%20xmlns%3D&#039;http%3A%2F%2Fwww.w3.org%2F2000%2Fsvg&#039;%20viewBox%3D&#039;0%200%20626%20417&#039;%2F%3E\" class=\"attachment-full size-full preload-me aspect lazy lazy-load\" alt=\"\" style=\"--ratio: 626 \/ 417;\" data-src=\"https:\/\/filmclub.click\/wp-content\/uploads\/2024\/11\/image208.png\" loading=\"eager\" \/><span class=\"the7-hover-icon\"><svg aria-hidden=\"true\" class=\"e-font-icon-svg e-fas-plus\" viewBox=\"0 0 448 512\" xmlns=\"http:\/\/www.w3.org\/2000\/svg\"><path d=\"M416 208H272V64c0-17.67-14.33-32-32-32h-32c-17.67 0-32 14.33-32 32v144H32c-17.67 0-32 14.33-32 32v32c0 17.67 14.33 32 32 32h144v144c0 17.67 14.33 32 32 32h32c17.67 0 32-14.33 32-32V304h144c17.67 0 32-14.33 32-32v-32c0-17.67-14.33-32-32-32z\"><\/path><\/svg><\/span><\/a>\n\t\t<\/div>\n\t<\/div>\n\n\n<div class=\"post-entry-content\">\n\n\t<h3 class=\"ele-entry-title\"><a href=\"https:\/\/filmclub.click\/es\/el-cine-como-herramienta-de-aprendizaje-para-las-escuelas-inspiracion-y-aprendizaje-en-las-aulas\/\" rel=\"bookmark\" title=\"El cine como herramienta de aprendizaje para las escuelas: inspiraci\u00f3n y aprendizaje en las aulas\">El cine como herramienta de aprendizaje para las escuelas: inspiraci\u00f3n y aprendizaje en las aulas<\/a><\/h3><div class=\"entry-excerpt\"><p>El cine como herramienta de aprendizaje para las escuelas: inspiraci\u00f3n y aprendizaje en las aulas Introducci\u00f3n En la era digital, las herramientas pedag\u00f3gicas evolucionan constantemente para captar la atenci\u00f3n de los estudiantes y enriquecer su aprendizaje. Una de las alternativas m\u00e1s efectivas y atractivas es el cine, que va m\u00e1s all\u00e1 del entretenimiento y puede&hellip;<\/p>\n<\/div><a href=\"https:\/\/filmclub.click\/es\/el-cine-como-herramienta-de-aprendizaje-para-las-escuelas-inspiracion-y-aprendizaje-en-las-aulas\/\" target=\"\" aria-label=\"Read more about El cine como herramienta de aprendizaje para las escuelas: inspiraci\u00f3n y aprendizaje en las aulas\" class=\"box-button elementor-button elementor-size-xs\">Leer m\u00e1s<\/a>\n<\/div><\/article><\/div><div class=\"visible wf-cell iso-item\" data-post-id=\"9635\" data-date=\"2024-11-25T14:14:24+00:00\" data-name=\"C\u00f3mo el cine puede ayudar en la educaci\u00f3n emocional de los ni\u00f1os\"><article class=\"post visible post-9635 type-post status-publish format-standard has-post-thumbnail hentry category-sin-categorizar\" data-name=\"C\u00f3mo el cine puede ayudar en la educaci\u00f3n emocional de los ni\u00f1os\" data-date=\"2024-11-25T14:14:24+00:00\">\n\n\t<div class=\"post-thumbnail-wrap\">\n\t\t<div class=\"post-thumbnail\">\n\n\t\t\t<a class=\"post-thumbnail-rollover layzr-bg img-css-resize-wrapper\" aria-label=\"Post image\" href=\"https:\/\/filmclub.click\/es\/como-el-cine-puede-ayudar-en-la-educacion-emocional-de-los-ninos\/\"><img decoding=\"async\" width=\"591\" height=\"394\" src=\"data:image\/svg+xml,%3Csvg%20xmlns%3D&#039;http%3A%2F%2Fwww.w3.org%2F2000%2Fsvg&#039;%20viewBox%3D&#039;0%200%20591%20394&#039;%2F%3E\" class=\"attachment-full size-full preload-me aspect lazy lazy-load\" alt=\"\" style=\"--ratio: 591 \/ 394;\" data-src=\"https:\/\/filmclub.click\/wp-content\/uploads\/2024\/11\/image205.png\" loading=\"eager\" \/><span class=\"the7-hover-icon\"><svg aria-hidden=\"true\" class=\"e-font-icon-svg e-fas-plus\" viewBox=\"0 0 448 512\" xmlns=\"http:\/\/www.w3.org\/2000\/svg\"><path d=\"M416 208H272V64c0-17.67-14.33-32-32-32h-32c-17.67 0-32 14.33-32 32v144H32c-17.67 0-32 14.33-32 32v32c0 17.67 14.33 32 32 32h144v144c0 17.67 14.33 32 32 32h32c17.67 0 32-14.33 32-32V304h144c17.67 0 32-14.33 32-32v-32c0-17.67-14.33-32-32-32z\"><\/path><\/svg><\/span><\/a>\n\t\t<\/div>\n\t<\/div>\n\n\n<div class=\"post-entry-content\">\n\n\t<h3 class=\"ele-entry-title\"><a href=\"https:\/\/filmclub.click\/es\/como-el-cine-puede-ayudar-en-la-educacion-emocional-de-los-ninos\/\" rel=\"bookmark\" title=\"C\u00f3mo el cine puede ayudar en la educaci\u00f3n emocional de los ni\u00f1os\">C\u00f3mo el cine puede ayudar en la educaci\u00f3n emocional de los ni\u00f1os<\/a><\/h3><div class=\"entry-excerpt\"><p>C\u00f3mo el cine puede ayudar en la educaci\u00f3n emocional de los ni\u00f1os Introducci\u00f3n En la era digital, la educaci\u00f3n emocional se ha vuelto un componente esencial en la formaci\u00f3n de los ni\u00f1os. A medida que crecen, necesitan herramientas para entender y manejar sus emociones, desarrollar empat\u00eda y fortalecer sus habilidades sociales. La educaci\u00f3n emocional no&hellip;<\/p>\n<\/div><a href=\"https:\/\/filmclub.click\/es\/como-el-cine-puede-ayudar-en-la-educacion-emocional-de-los-ninos\/\" target=\"\" aria-label=\"Read more about C\u00f3mo el cine puede ayudar en la educaci\u00f3n emocional de los ni\u00f1os\" class=\"box-button elementor-button elementor-size-xs\">Leer m\u00e1s<\/a>\n<\/div><\/article><\/div><div class=\"visible wf-cell iso-item\" data-post-id=\"9639\" data-date=\"2024-11-20T10:48:00+00:00\" data-name=\"La magia del cine para construir conexiones familiares y sociales\"><article class=\"post visible post-9639 type-post status-publish format-standard has-post-thumbnail hentry category-sin-categorizar\" data-name=\"La magia del cine para construir conexiones familiares y sociales\" data-date=\"2024-11-20T10:48:00+00:00\">\n\n\t<div class=\"post-thumbnail-wrap\">\n\t\t<div class=\"post-thumbnail\">\n\n\t\t\t<a class=\"post-thumbnail-rollover layzr-bg img-css-resize-wrapper\" aria-label=\"Post image\" href=\"https:\/\/filmclub.click\/es\/la-magia-del-cinema-per-construir\/\"><img decoding=\"async\" width=\"624\" height=\"416\" src=\"data:image\/svg+xml,%3Csvg%20xmlns%3D&#039;http%3A%2F%2Fwww.w3.org%2F2000%2Fsvg&#039;%20viewBox%3D&#039;0%200%20624%20416&#039;%2F%3E\" class=\"attachment-full size-full preload-me aspect lazy lazy-load\" alt=\"\" style=\"--ratio: 624 \/ 416;\" data-src=\"https:\/\/filmclub.click\/wp-content\/uploads\/2024\/11\/image2011.png\" loading=\"eager\" \/><span class=\"the7-hover-icon\"><svg aria-hidden=\"true\" class=\"e-font-icon-svg e-fas-plus\" viewBox=\"0 0 448 512\" xmlns=\"http:\/\/www.w3.org\/2000\/svg\"><path d=\"M416 208H272V64c0-17.67-14.33-32-32-32h-32c-17.67 0-32 14.33-32 32v144H32c-17.67 0-32 14.33-32 32v32c0 17.67 14.33 32 32 32h144v144c0 17.67 14.33 32 32 32h32c17.67 0 32-14.33 32-32V304h144c17.67 0 32-14.33 32-32v-32c0-17.67-14.33-32-32-32z\"><\/path><\/svg><\/span><\/a>\n\t\t<\/div>\n\t<\/div>\n\n\n<div class=\"post-entry-content\">\n\n\t<h3 class=\"ele-entry-title\"><a href=\"https:\/\/filmclub.click\/es\/la-magia-del-cinema-per-construir\/\" rel=\"bookmark\" title=\"La magia del cine para construir conexiones familiares y sociales\">La magia del cine para construir conexiones familiares y sociales<\/a><\/h3><div class=\"entry-excerpt\"><p>La magia del cine para construir conexiones familiares y sociales Introducci\u00f3n En una \u00e9poca donde las rutinas est\u00e1n marcadas por un ritmo fren\u00e9tico, el cine emerge como un oasis de conexi\u00f3n y encuentro. M\u00e1s all\u00e1 del entretenimiento, las pel\u00edculas ofrecen una oportunidad invaluable para compartir momentos significativos con nuestros seres queridos, ya sea en la&hellip;<\/p>\n<\/div><a href=\"https:\/\/filmclub.click\/es\/la-magia-del-cinema-per-construir\/\" target=\"\" aria-label=\"Read more about La magia del cine para construir conexiones familiares y sociales\" class=\"box-button elementor-button elementor-size-xs\">Leer m\u00e1s<\/a>\n<\/div><\/article><\/div><\/div><!-- iso-container|iso-grid --><\/div>\t\t\t\t<\/div>\n\t\t\t\t<\/div>\n\t\t\t\t\t<\/div>\n\t\t\t\t<\/div>\n\t\t\t\t<\/div>\n\t\t","protected":false},"excerpt":{"rendered":"<p>Blog El cine como herramienta de aprendizaje para las escuelas: inspiraci\u00f3n y aprendizaje en las aulas Introducci\u00f3n: En la era digital, las herramientas pedag\u00f3gicas evolucionan constantemente para captar la atenci\u00f3n de los estudiantes y enriquecer su aprendizaje. Una de las alternativas m\u00e1s efectivas y atractivas es el cine, que va m\u00e1s all\u00e1 del entretenimiento y&hellip;<\/p>\n","protected":false},"author":24,"featured_media":0,"parent":0,"menu_order":0,"comment_status":"closed","ping_status":"closed","template":"elementor_header_footer","meta":{"footnotes":""},"class_list":["post-9757","page","type-page","status-publish","hentry"],"aioseo_notices":[],"_links":{"self":[{"href":"https:\/\/filmclub.click\/es\/wp-json\/wp\/v2\/pages\/9757","targetHints":{"allow":["GET"]}}],"collection":[{"href":"https:\/\/filmclub.click\/es\/wp-json\/wp\/v2\/pages"}],"about":[{"href":"https:\/\/filmclub.click\/es\/wp-json\/wp\/v2\/types\/page"}],"author":[{"embeddable":true,"href":"https:\/\/filmclub.click\/es\/wp-json\/wp\/v2\/users\/24"}],"replies":[{"embeddable":true,"href":"https:\/\/filmclub.click\/es\/wp-json\/wp\/v2\/comments?post=9757"}],"version-history":[{"count":6,"href":"https:\/\/filmclub.click\/es\/wp-json\/wp\/v2\/pages\/9757\/revisions"}],"predecessor-version":[{"id":9787,"href":"https:\/\/filmclub.click\/es\/wp-json\/wp\/v2\/pages\/9757\/revisions\/9787"}],"wp:attachment":[{"href":"https:\/\/filmclub.click\/es\/wp-json\/wp\/v2\/media?parent=9757"}],"curies":[{"name":"wp","href":"https:\/\/api.w.org\/{rel}","templated":true}]}}